{"id":242,"date":"2021-03-09T10:40:34","date_gmt":"2021-03-09T09:40:34","guid":{"rendered":"http:\/\/www.antiquaires-hotel-genieys.fr\/?post_type=product&#038;p=242"},"modified":"2024-03-03T08:53:15","modified_gmt":"2024-03-03T07:53:15","slug":"reassortiment-de-couverts-en-metal-argente-christofle","status":"publish","type":"product","link":"https:\/\/www.antiquaires-hotel-genieys.fr\/index.php\/produit\/reassortiment-de-couverts-en-metal-argente-christofle\/","title":{"rendered":"R\u00e9assortiment de couverts en m\u00e9tal argent\u00e9 Christofle"},"content":{"rendered":"<p>R\u00e9assortiment de couverts en m\u00e9tal argent\u00e9 Christofle.<\/p>\n<p>&nbsp;<\/p>\n<p>Pour le prix merci de nous consulter :<\/p>\n<ul>\n<li>par t\u00e9l\u00e9phone mobile 06.11.23.17.81 ou fixe 04.99.41.62.46<\/li>\n<li>par email\u00a0<a href=\"mailto:anticdecointernational@wanadoo.fr\">anticdecointernational@wanadoo.fr<\/a><\/li>\n<li>directement en magasin au 21 Avenue Aristide Briand 34120 P\u00e9zenas<\/li>\n<\/ul>\n","protected":false},"excerpt":{"rendered":"<p>R\u00e9assortiment de couverts en m\u00e9tal argent\u00e9 Christofle. &nbsp; Pour le prix merci de nous consulter : par t\u00e9l\u00e9phone mobile 06.11.23.17.81 ou fixe 04.99.41.62.46 par email\u00a0anticdecointernational@wanadoo.fr directement en magasin au 21 Avenue Aristide Briand 34120 P\u00e9zenas<\/p>\n","protected":false},"featured_media":167,"comment_status":"open","ping_status":"closed","template":"","meta":[],"class_list":["post-242","product","type-product","status-publish","has-post-thumbnail","hentry","product_cat-non-classe"],"_links":{"self":[{"href":"https:\/\/www.antiquaires-hotel-genieys.fr\/index.php\/wp-json\/wp\/v2\/product\/242","targetHints":{"allow":["GET"]}}],"collection":[{"href":"https:\/\/www.antiquaires-hotel-genieys.fr\/index.php\/wp-json\/wp\/v2\/product"}],"about":[{"href":"https:\/\/www.antiquaires-hotel-genieys.fr\/index.php\/wp-json\/wp\/v2\/types\/product"}],"replies":[{"embeddable":true,"href":"https:\/\/www.antiquaires-hotel-genieys.fr\/index.php\/wp-json\/wp\/v2\/comments?post=242"}],"wp:featuredmedia":[{"embeddable":true,"href":"https:\/\/www.antiquaires-hotel-genieys.fr\/index.php\/wp-json\/wp\/v2\/media\/167"}],"wp:attachment":[{"href":"https:\/\/www.antiquaires-hotel-genieys.fr\/index.php\/wp-json\/wp\/v2\/media?parent=242"}],"curies":[{"name":"wp","href":"https:\/\/api.w.org\/{rel}","templated":true}]}}